{"id":10,"date":"2025-04-04T08:29:51","date_gmt":"2025-04-04T07:29:51","guid":{"rendered":"https:\/\/balticrest.com\/re-start-et\/?page_id=10"},"modified":"2025-07-23T23:24:09","modified_gmt":"2025-07-23T20:24:09","slug":"hommiku-ja-lounasook","status":"publish","type":"page","link":"https:\/\/www.re-start.lv\/eesti\/","title":{"rendered":"Hommiku- ja l\u00f5unas\u00f6\u00f6k"},"content":{"rendered":"\n<div style=\"height:30px\" aria-hidden=\"true\" class=\"wp-block-spacer\"><\/div>\n\n\n\n<div class=\"wp-block-columns is-layout-flex wp-container-core-columns-is-layout-28f84493 wp-block-columns-is-layout-flex\">\n<div class=\"wp-block-column is-layout-flow wp-block-column-is-layout-flow\" style=\"flex-basis:66.66%\">\n<h2 class=\"wp-block-heading\">Rahu.<\/h2>\n\n\n\n<h3 class=\"wp-block-heading\">Meist<\/h3>\n\n\n\n<p>Tere tulemast p\u00e4evarestorani Restart! See on loodud inimestele, kes ei soovi ainult s\u00fc\u00fca, vaid l\u00f5unastada nii, et maitsevalikud, interj\u00f6\u00f6r ja \u00f5hkkond pakuksid lisandv\u00e4\u00e4rtust. Ja kes samas ei soovi ka loobuda kiirusest ja vabadusest.<\/p>\n\n\n\n<p>Mida t\u00e4hendab restart? Seadmete jaoks t\u00e4hendab see kogunenud v\u00e4simusest vabanemist, et j\u00e4lle tulemuslikult t\u00f6\u00f6tada. Samuti on inimestega. Erineb ainult viis, kuidas soovitavat saavutatakse. L\u00fclituge kohustustelt \u00fcmber maitsele, t\u00f6\u00f6st puhkusele, l\u00e4rmilt muusikale, ja j\u00e4tkake p\u00e4eva suurep\u00e4raselt!<\/p>\n\n\n\n<p>Valige oma roog valmistoitude hulgast ja lisage sellele lisandeid ja salateid. V\u00f5i tellige vokiroogasid, pastat, <em>barbecue<\/em>\u2019d v\u00f5i raamenit ja oodake piipari m\u00e4rguannet. Kombineerige toitu nii, et see sobiks just teie t\u00e4nase tujuga: lisage supp, salatibaari v\u00e4rvilisus, kokteilide p\u00e4ikeselised maitsed, kookide \u00f5rnus, espresso meeldiv m\u00f5rudus ja veel muudki.<\/p>\n\n\n\n<p>Oma taimetoidu retseptides oleme m\u00f5elnud nii toitev\u00e4\u00e4rtusele kui maitsele. Hommikuti pakume hommikus\u00f6\u00f6ki nii varajastele l\u00f5okestele, kelle p\u00e4ev on juba ammu alanud, kui ka loovatele \u00f6\u00f6kullidele, kes vajavad energiaannust, et p\u00e4evat\u00f6\u00f6de keerisesse siseneda.<\/p>\n<\/div>\n\n\n\n<div class=\"wp-block-column is-layout-flow wp-block-column-is-layout-flow\" style=\"flex-basis:33.33%\">\n<div class=\"wp-block-group div-location has-background is-vertical is-layout-flex wp-container-core-group-is-layout-9a41ab9d wp-block-group-is-layout-flex\" style=\"background-color:#c2d6c6;padding-top:20px;padding-right:20px;padding-bottom:20px;padding-left:20px\">\n<div class=\"wp-block-group is-nowrap is-layout-flex wp-container-core-group-is-layout-6c531013 wp-block-group-is-layout-flex\">\n<div class=\"wp-block-font-awesome-icon wp-font-awesome-icon\"><svg aria-hidden=\"true\" focusable=\"false\" data-prefix=\"fas\" data-icon=\"location-dot\" class=\"svg-inline--fa fa-location-dot \" role=\"img\" xmlns=\"http:\/\/www.w3.org\/2000\/svg\" viewBox=\"0 0 384 512\" style=\"font-size:2em\" color=\"#6d4a60\"><path fill=\"currentColor\" d=\"M0 188.6C0 84.4 86 0 192 0S384 84.4 384 188.6c0 119.3-120.2 262.3-170.4 316.8-11.8 12.8-31.5 12.8-43.3 0-50.2-54.5-170.4-197.5-170.4-316.8zM192 256a64 64 0 1 0 0-128 64 64 0 1 0 0 128z\"><\/path><\/svg><\/div>\n\n\n\n<p class=\"has-text-color has-link-color wp-elements-6c1f1fbac7a9f400b0128b6488b35bb2\" style=\"color:#6d4a60\">Skanstes City, Skanstes 52, Riga<\/p>\n<\/div>\n\n\n\n<div class=\"wp-block-group is-nowrap is-layout-flex wp-container-core-group-is-layout-6c531013 wp-block-group-is-layout-flex\">\n<div class=\"wp-block-font-awesome-icon wp-font-awesome-icon\"><svg aria-hidden=\"true\" focusable=\"false\" data-prefix=\"fas\" data-icon=\"clock\" class=\"svg-inline--fa fa-clock \" role=\"img\" xmlns=\"http:\/\/www.w3.org\/2000\/svg\" viewBox=\"0 0 512 512\" style=\"font-size:2em\" color=\"#6d4a60\"><path fill=\"currentColor\" d=\"M256 0a256 256 0 1 1 0 512 256 256 0 1 1 0-512zM232 120l0 136c0 8 4 15.5 10.7 20l96 64c11 7.4 25.9 4.4 33.3-6.7s4.4-25.9-6.7-33.3L280 243.2 280 120c0-13.3-10.7-24-24-24s-24 10.7-24 24z\"><\/path><\/svg><\/div>\n\n\n\n<p class=\"has-text-color has-link-color wp-elements-07cdb918c7597ef19a9babd68617137b\" style=\"color:#6d4a60\">T\u00f6\u00f6p\u00e4eviti 08.00-16.00<\/p>\n<\/div>\n\n\n\n<div class=\"wp-block-group is-nowrap is-layout-flex wp-container-core-group-is-layout-6c531013 wp-block-group-is-layout-flex\">\n<div class=\"wp-block-font-awesome-icon wp-font-awesome-icon\"><svg aria-hidden=\"true\" focusable=\"false\" data-prefix=\"fas\" data-icon=\"envelope\" class=\"svg-inline--fa fa-envelope \" role=\"img\" xmlns=\"http:\/\/www.w3.org\/2000\/svg\" viewBox=\"0 0 512 512\" style=\"font-size:2em\" color=\"#6d4a60\"><path fill=\"currentColor\" d=\"M48 64c-26.5 0-48 21.5-48 48 0 15.1 7.1 29.3 19.2 38.4l208 156c17.1 12.8 40.5 12.8 57.6 0l208-156c12.1-9.1 19.2-23.3 19.2-38.4 0-26.5-21.5-48-48-48L48 64zM0 196L0 384c0 35.3 28.7 64 64 64l384 0c35.3 0 64-28.7 64-64l0-188-198.4 148.8c-34.1 25.6-81.1 25.6-115.2 0L0 196z\"><\/path><\/svg><\/div>\n\n\n\n<p class=\"has-white-color has-text-color has-link-color wp-elements-fa6f2a35da78dbc62f9bc0a057162066\"><a href=\"mailto:skanstescity@re-start.lv\">skanstescity@re-start.lv<\/a><\/p>\n<\/div>\n\n\n\n<div class=\"wp-block-group is-nowrap is-layout-flex wp-container-core-group-is-layout-6c531013 wp-block-group-is-layout-flex\">\n<div class=\"wp-block-font-awesome-icon wp-font-awesome-icon\"><svg aria-hidden=\"true\" focusable=\"false\" data-prefix=\"fas\" data-icon=\"mobile-screen-button\" class=\"svg-inline--fa fa-mobile-screen-button \" role=\"img\" xmlns=\"http:\/\/www.w3.org\/2000\/svg\" viewBox=\"0 0 384 512\" style=\"font-size:2em\" color=\"#6d4a60\"><path fill=\"currentColor\" d=\"M16 64C16 28.7 44.7 0 80 0L304 0c35.3 0 64 28.7 64 64l0 384c0 35.3-28.7 64-64 64L80 512c-35.3 0-64-28.7-64-64L16 64zm64 0l0 304 224 0 0-304-224 0zM192 472c17.7 0 32-14.3 32-32s-14.3-32-32-32-32 14.3-32 32 14.3 32 32 32z\"><\/path><\/svg><\/div>\n\n\n\n<p class=\"has-text-color has-link-color wp-elements-0888e027ca556e4a251898d7632f349a\" style=\"color:#6d4a60\">+371 2545 0451<\/p>\n<\/div>\n<\/div>\n\n\n\n<div class=\"wp-block-buttons is-content-justification-left is-layout-flex wp-container-core-buttons-is-layout-fc4fd283 wp-block-buttons-is-layout-flex\">\n<div class=\"wp-block-button has-custom-width wp-block-button__width-100 is-style-fill action-button\"><a class=\"wp-block-button__link has-white-color has-text-color has-background has-link-color wp-element-button\" href=\"https:\/\/balticrest.com\/eesti\/karjaar\/\" style=\"border-radius:0px;background-color:#6d4a60\" target=\"_blank\" rel=\"noreferrer noopener\">T\u00f6\u00f6pakkumised<\/a><\/div>\n<\/div>\n<\/div>\n<\/div>\n","protected":false},"excerpt":{"rendered":"<p>Rahu. Meist Tere tulemast p\u00e4evarestorani Restart! See on loodud inimestele, kes ei soovi ainult s\u00fc\u00fca, vaid l\u00f5unastada nii, et maitsevalikud, interj\u00f6\u00f6r ja \u00f5hkkond pakuksid lisandv\u00e4\u00e4rtust. Ja kes samas ei soovi ka loobuda kiirusest ja vabadusest. Mida t\u00e4hendab restart? Seadmete jaoks t\u00e4hendab see kogunenud v\u00e4simusest vabanemist, et j\u00e4lle tulemuslikult t\u00f6\u00f6tada. Samuti on inimestega. Erineb ainult viis, [&hellip;]<\/p>\n","protected":false},"author":1,"featured_media":136,"parent":0,"menu_order":0,"comment_status":"closed","ping_status":"closed","template":"","meta":{"_acf_changed":false,"inline_featured_image":false,"_exactmetrics_skip_tracking":false,"_exactmetrics_sitenote_active":false,"_exactmetrics_sitenote_note":"","_exactmetrics_sitenote_category":0,"footnotes":""},"class_list":["post-10","page","type-page","status-publish","has-post-thumbnail","hentry"],"acf":[],"yoast_head":"<!-- This site is optimized with the Yoast SEO plugin v27.5 - https:\/\/yoast.com\/product\/yoast-seo-wordpress\/ -->\n<title>Hommiku- ja l\u00f5unas\u00f6\u00f6k - Hommiku- ja l\u00f5unas\u00f6\u00f6k : Restart Eesti<\/title>\n<meta name=\"robots\" content=\"index, follow, max-snippet:-1, max-image-preview:large, max-video-preview:-1\" \/>\n<link rel=\"canonical\" href=\"https:\/\/www.re-start.lv\/eesti\/\" \/>\n<meta property=\"og:locale\" content=\"en_US\" \/>\n<meta property=\"og:type\" content=\"article\" \/>\n<meta property=\"og:title\" content=\"Hommiku- ja l\u00f5unas\u00f6\u00f6k - Hommiku- ja l\u00f5unas\u00f6\u00f6k : Restart Eesti\" \/>\n<meta property=\"og:description\" content=\"Rahu. Meist Tere tulemast p\u00e4evarestorani Restart! See on loodud inimestele, kes ei soovi ainult s\u00fc\u00fca, vaid l\u00f5unastada nii, et maitsevalikud, interj\u00f6\u00f6r ja \u00f5hkkond pakuksid lisandv\u00e4\u00e4rtust. Ja kes samas ei soovi ka loobuda kiirusest ja vabadusest. Mida t\u00e4hendab restart? Seadmete jaoks t\u00e4hendab see kogunenud v\u00e4simusest vabanemist, et j\u00e4lle tulemuslikult t\u00f6\u00f6tada. Samuti on inimestega. Erineb ainult viis, [&hellip;]\" \/>\n<meta property=\"og:url\" content=\"https:\/\/www.re-start.lv\/eesti\/\" \/>\n<meta property=\"og:site_name\" content=\"Hommiku- ja l\u00f5unas\u00f6\u00f6k : Restart Eesti\" \/>\n<meta property=\"article:modified_time\" content=\"2025-07-23T20:24:09+00:00\" \/>\n<meta property=\"og:image\" content=\"https:\/\/www.re-start.lv\/eesti\/wp-content\/uploads\/sites\/13\/2025\/04\/table.jpg\" \/>\n\t<meta property=\"og:image:width\" content=\"1920\" \/>\n\t<meta property=\"og:image:height\" content=\"760\" \/>\n\t<meta property=\"og:image:type\" content=\"image\/jpeg\" \/>\n<meta name=\"twitter:card\" content=\"summary_large_image\" \/>\n<meta name=\"twitter:label1\" content=\"Est. reading time\" \/>\n\t<meta name=\"twitter:data1\" content=\"1 minute\" \/>\n<script type=\"application\/ld+json\" class=\"yoast-schema-graph\">{\"@context\":\"https:\\\/\\\/schema.org\",\"@graph\":[{\"@type\":\"WebPage\",\"@id\":\"https:\\\/\\\/www.re-start.lv\\\/eesti\\\/\",\"url\":\"https:\\\/\\\/www.re-start.lv\\\/eesti\\\/\",\"name\":\"Hommiku- ja l\u00f5unas\u00f6\u00f6k - Hommiku- ja l\u00f5unas\u00f6\u00f6k : Restart Eesti\",\"isPartOf\":{\"@id\":\"https:\\\/\\\/www.re-start.lv\\\/eesti\\\/#website\"},\"primaryImageOfPage\":{\"@id\":\"https:\\\/\\\/www.re-start.lv\\\/eesti\\\/#primaryimage\"},\"image\":{\"@id\":\"https:\\\/\\\/www.re-start.lv\\\/eesti\\\/#primaryimage\"},\"thumbnailUrl\":\"https:\\\/\\\/www.re-start.lv\\\/eesti\\\/wp-content\\\/uploads\\\/sites\\\/13\\\/2025\\\/04\\\/table.jpg\",\"datePublished\":\"2025-04-04T07:29:51+00:00\",\"dateModified\":\"2025-07-23T20:24:09+00:00\",\"breadcrumb\":{\"@id\":\"https:\\\/\\\/www.re-start.lv\\\/eesti\\\/#breadcrumb\"},\"inLanguage\":\"en-US\",\"potentialAction\":[{\"@type\":\"ReadAction\",\"target\":[\"https:\\\/\\\/www.re-start.lv\\\/eesti\\\/\"]}]},{\"@type\":\"ImageObject\",\"inLanguage\":\"en-US\",\"@id\":\"https:\\\/\\\/www.re-start.lv\\\/eesti\\\/#primaryimage\",\"url\":\"https:\\\/\\\/www.re-start.lv\\\/eesti\\\/wp-content\\\/uploads\\\/sites\\\/13\\\/2025\\\/04\\\/table.jpg\",\"contentUrl\":\"https:\\\/\\\/www.re-start.lv\\\/eesti\\\/wp-content\\\/uploads\\\/sites\\\/13\\\/2025\\\/04\\\/table.jpg\",\"width\":1920,\"height\":760},{\"@type\":\"BreadcrumbList\",\"@id\":\"https:\\\/\\\/www.re-start.lv\\\/eesti\\\/#breadcrumb\",\"itemListElement\":[{\"@type\":\"ListItem\",\"position\":1,\"name\":\"Home\",\"item\":\"https:\\\/\\\/www.re-start.lv\\\/eesti\\\/\"},{\"@type\":\"ListItem\",\"position\":2,\"name\":\"Hommiku- ja l\u00f5unas\u00f6\u00f6k\"}]},{\"@type\":\"WebSite\",\"@id\":\"https:\\\/\\\/www.re-start.lv\\\/eesti\\\/#website\",\"url\":\"https:\\\/\\\/www.re-start.lv\\\/eesti\\\/\",\"name\":\"Hommiku- ja l\u00f5unas\u00f6\u00f6k : Restart Eesti\",\"description\":\"\",\"publisher\":{\"@id\":\"https:\\\/\\\/www.re-start.lv\\\/eesti\\\/#organization\"},\"potentialAction\":[{\"@type\":\"SearchAction\",\"target\":{\"@type\":\"EntryPoint\",\"urlTemplate\":\"https:\\\/\\\/www.re-start.lv\\\/eesti\\\/?s={search_term_string}\"},\"query-input\":{\"@type\":\"PropertyValueSpecification\",\"valueRequired\":true,\"valueName\":\"search_term_string\"}}],\"inLanguage\":\"en-US\"},{\"@type\":\"Organization\",\"@id\":\"https:\\\/\\\/www.re-start.lv\\\/eesti\\\/#organization\",\"name\":\"Hommiku- ja l\u00f5unas\u00f6\u00f6k : Restart Eesti\",\"url\":\"https:\\\/\\\/www.re-start.lv\\\/eesti\\\/\",\"logo\":{\"@type\":\"ImageObject\",\"inLanguage\":\"en-US\",\"@id\":\"https:\\\/\\\/www.re-start.lv\\\/eesti\\\/#\\\/schema\\\/logo\\\/image\\\/\",\"url\":\"https:\\\/\\\/www.re-start.lv\\\/eesti\\\/wp-content\\\/uploads\\\/sites\\\/13\\\/2025\\\/04\\\/restart_logo_balts_0dd6e.svg\",\"contentUrl\":\"https:\\\/\\\/www.re-start.lv\\\/eesti\\\/wp-content\\\/uploads\\\/sites\\\/13\\\/2025\\\/04\\\/restart_logo_balts_0dd6e.svg\",\"width\":1530,\"height\":359,\"caption\":\"Hommiku- ja l\u00f5unas\u00f6\u00f6k : Restart Eesti\"},\"image\":{\"@id\":\"https:\\\/\\\/www.re-start.lv\\\/eesti\\\/#\\\/schema\\\/logo\\\/image\\\/\"}}]}<\/script>\n<!-- \/ Yoast SEO plugin. -->","yoast_head_json":{"title":"Hommiku- ja l\u00f5unas\u00f6\u00f6k - Hommiku- ja l\u00f5unas\u00f6\u00f6k : Restart Eesti","robots":{"index":"index","follow":"follow","max-snippet":"max-snippet:-1","max-image-preview":"max-image-preview:large","max-video-preview":"max-video-preview:-1"},"canonical":"https:\/\/www.re-start.lv\/eesti\/","og_locale":"en_US","og_type":"article","og_title":"Hommiku- ja l\u00f5unas\u00f6\u00f6k - Hommiku- ja l\u00f5unas\u00f6\u00f6k : Restart Eesti","og_description":"Rahu. Meist Tere tulemast p\u00e4evarestorani Restart! See on loodud inimestele, kes ei soovi ainult s\u00fc\u00fca, vaid l\u00f5unastada nii, et maitsevalikud, interj\u00f6\u00f6r ja \u00f5hkkond pakuksid lisandv\u00e4\u00e4rtust. Ja kes samas ei soovi ka loobuda kiirusest ja vabadusest. Mida t\u00e4hendab restart? Seadmete jaoks t\u00e4hendab see kogunenud v\u00e4simusest vabanemist, et j\u00e4lle tulemuslikult t\u00f6\u00f6tada. Samuti on inimestega. Erineb ainult viis, [&hellip;]","og_url":"https:\/\/www.re-start.lv\/eesti\/","og_site_name":"Hommiku- ja l\u00f5unas\u00f6\u00f6k : Restart Eesti","article_modified_time":"2025-07-23T20:24:09+00:00","og_image":[{"width":1920,"height":760,"url":"https:\/\/www.re-start.lv\/eesti\/wp-content\/uploads\/sites\/13\/2025\/04\/table.jpg","type":"image\/jpeg"}],"twitter_card":"summary_large_image","twitter_misc":{"Est. reading time":"1 minute"},"schema":{"@context":"https:\/\/schema.org","@graph":[{"@type":"WebPage","@id":"https:\/\/www.re-start.lv\/eesti\/","url":"https:\/\/www.re-start.lv\/eesti\/","name":"Hommiku- ja l\u00f5unas\u00f6\u00f6k - Hommiku- ja l\u00f5unas\u00f6\u00f6k : Restart Eesti","isPartOf":{"@id":"https:\/\/www.re-start.lv\/eesti\/#website"},"primaryImageOfPage":{"@id":"https:\/\/www.re-start.lv\/eesti\/#primaryimage"},"image":{"@id":"https:\/\/www.re-start.lv\/eesti\/#primaryimage"},"thumbnailUrl":"https:\/\/www.re-start.lv\/eesti\/wp-content\/uploads\/sites\/13\/2025\/04\/table.jpg","datePublished":"2025-04-04T07:29:51+00:00","dateModified":"2025-07-23T20:24:09+00:00","breadcrumb":{"@id":"https:\/\/www.re-start.lv\/eesti\/#breadcrumb"},"inLanguage":"en-US","potentialAction":[{"@type":"ReadAction","target":["https:\/\/www.re-start.lv\/eesti\/"]}]},{"@type":"ImageObject","inLanguage":"en-US","@id":"https:\/\/www.re-start.lv\/eesti\/#primaryimage","url":"https:\/\/www.re-start.lv\/eesti\/wp-content\/uploads\/sites\/13\/2025\/04\/table.jpg","contentUrl":"https:\/\/www.re-start.lv\/eesti\/wp-content\/uploads\/sites\/13\/2025\/04\/table.jpg","width":1920,"height":760},{"@type":"BreadcrumbList","@id":"https:\/\/www.re-start.lv\/eesti\/#breadcrumb","itemListElement":[{"@type":"ListItem","position":1,"name":"Home","item":"https:\/\/www.re-start.lv\/eesti\/"},{"@type":"ListItem","position":2,"name":"Hommiku- ja l\u00f5unas\u00f6\u00f6k"}]},{"@type":"WebSite","@id":"https:\/\/www.re-start.lv\/eesti\/#website","url":"https:\/\/www.re-start.lv\/eesti\/","name":"Hommiku- ja l\u00f5unas\u00f6\u00f6k : Restart Eesti","description":"","publisher":{"@id":"https:\/\/www.re-start.lv\/eesti\/#organization"},"potentialAction":[{"@type":"SearchAction","target":{"@type":"EntryPoint","urlTemplate":"https:\/\/www.re-start.lv\/eesti\/?s={search_term_string}"},"query-input":{"@type":"PropertyValueSpecification","valueRequired":true,"valueName":"search_term_string"}}],"inLanguage":"en-US"},{"@type":"Organization","@id":"https:\/\/www.re-start.lv\/eesti\/#organization","name":"Hommiku- ja l\u00f5unas\u00f6\u00f6k : Restart Eesti","url":"https:\/\/www.re-start.lv\/eesti\/","logo":{"@type":"ImageObject","inLanguage":"en-US","@id":"https:\/\/www.re-start.lv\/eesti\/#\/schema\/logo\/image\/","url":"https:\/\/www.re-start.lv\/eesti\/wp-content\/uploads\/sites\/13\/2025\/04\/restart_logo_balts_0dd6e.svg","contentUrl":"https:\/\/www.re-start.lv\/eesti\/wp-content\/uploads\/sites\/13\/2025\/04\/restart_logo_balts_0dd6e.svg","width":1530,"height":359,"caption":"Hommiku- ja l\u00f5unas\u00f6\u00f6k : Restart Eesti"},"image":{"@id":"https:\/\/www.re-start.lv\/eesti\/#\/schema\/logo\/image\/"}}]}},"_links":{"self":[{"href":"https:\/\/www.re-start.lv\/eesti\/wp-json\/wp\/v2\/pages\/10","targetHints":{"allow":["GET"]}}],"collection":[{"href":"https:\/\/www.re-start.lv\/eesti\/wp-json\/wp\/v2\/pages"}],"about":[{"href":"https:\/\/www.re-start.lv\/eesti\/wp-json\/wp\/v2\/types\/page"}],"author":[{"embeddable":true,"href":"https:\/\/www.re-start.lv\/eesti\/wp-json\/wp\/v2\/users\/1"}],"replies":[{"embeddable":true,"href":"https:\/\/www.re-start.lv\/eesti\/wp-json\/wp\/v2\/comments?post=10"}],"version-history":[{"count":7,"href":"https:\/\/www.re-start.lv\/eesti\/wp-json\/wp\/v2\/pages\/10\/revisions"}],"predecessor-version":[{"id":252,"href":"https:\/\/www.re-start.lv\/eesti\/wp-json\/wp\/v2\/pages\/10\/revisions\/252"}],"wp:featuredmedia":[{"embeddable":true,"href":"https:\/\/www.re-start.lv\/eesti\/wp-json\/wp\/v2\/media\/136"}],"wp:attachment":[{"href":"https:\/\/www.re-start.lv\/eesti\/wp-json\/wp\/v2\/media?parent=10"}],"curies":[{"name":"wp","href":"https:\/\/api.w.org\/{rel}","templated":true}]}}